{"id":2,"date":"2023-03-07T16:51:29","date_gmt":"2023-03-07T15:51:29","guid":{"rendered":"http:\/\/dev.roland-kohler.com\/?page_id=2"},"modified":"2024-09-09T09:49:40","modified_gmt":"2024-09-09T07:49:40","slug":"start","status":"publish","type":"page","link":"https:\/\/alt.roland-kohler.com\/en\/","title":{"rendered":"Start"},"content":{"rendered":"<div data-elementor-type=\"wp-page\" data-elementor-id=\"2\" class=\"elementor elementor-2\" data-elementor-post-type=\"page\">\n\t\t\t\t<div class=\"elementor-element elementor-element-4cdf647 e-con-full e-flex e-con e-parent\" data-id=\"4cdf647\" data-element_type=\"container\" data-settings=\"{&quot;background_background&quot;:&quot;video&quot;,&quot;background_video_link&quot;:&quot;https:\\\/\\\/roland-kohler.com\\\/wp-content\\\/uploads\\\/Startseite-Video-Compressed.mp4&quot;,&quot;background_play_on_mobile&quot;:&quot;yes&quot;,&quot;background_privacy_mode&quot;:&quot;yes&quot;}\">\n\t\t<div class=\"elementor-background-video-container\">\n\t\t\t\t\t\t\t<video class=\"elementor-background-video-hosted elementor-html5-video\" autoplay muted playsinline loop><\/video>\n\t\t\t\t\t<\/div>\t\t<div class=\"elementor-element elementor-element-73f96bd elementor-widget elementor-widget-heading\" data-id=\"73f96bd\" data-element_type=\"widget\" data-widget_type=\"heading.default\">\n\t\t\t\t<div class=\"elementor-widget-container\">\n\t\t\t<h1 class=\"elementor-heading-title elementor-size-default\">Roland Kohler Design Furniture<\/h1>\t\t<\/div>\n\t\t\t\t<\/div>\n\t\t\t\t<div class=\"elementor-element elementor-element-7fe0b4c elementor-widget elementor-widget-heading\" data-id=\"7fe0b4c\" data-element_type=\"widget\" data-widget_type=\"heading.default\">\n\t\t\t\t<div class=\"elementor-widget-container\">\n\t\t\t<h2 class=\"elementor-heading-title elementor-size-default\">Exclusive pieces of furniture with timeless elegance<\/h2>\t\t<\/div>\n\t\t\t\t<\/div>\n\t\t\t\t<\/div>\n\t\t\t\t<\/div>","protected":false},"excerpt":{"rendered":"<p>Roland Kohler Design M\u00f6bel Exklusive M\u00f6belst\u00fccke mit zeitloser Eleganz<\/p>","protected":false},"author":1,"featured_media":0,"parent":0,"menu_order":0,"comment_status":"closed","ping_status":"closed","template":"","meta":{"rank_math_lock_modified_date":false,"footnotes":""},"class_list":["post-2","page","type-page","status-publish","hentry"],"_links":{"self":[{"href":"https:\/\/alt.roland-kohler.com\/en\/wp-json\/wp\/v2\/pages\/2"}],"collection":[{"href":"https:\/\/alt.roland-kohler.com\/en\/wp-json\/wp\/v2\/pages"}],"about":[{"href":"https:\/\/alt.roland-kohler.com\/en\/wp-json\/wp\/v2\/types\/page"}],"author":[{"embeddable":true,"href":"https:\/\/alt.roland-kohler.com\/en\/wp-json\/wp\/v2\/users\/1"}],"replies":[{"embeddable":true,"href":"https:\/\/alt.roland-kohler.com\/en\/wp-json\/wp\/v2\/comments?post=2"}],"version-history":[{"count":5,"href":"https:\/\/alt.roland-kohler.com\/en\/wp-json\/wp\/v2\/pages\/2\/revisions"}],"predecessor-version":[{"id":1873,"href":"https:\/\/alt.roland-kohler.com\/en\/wp-json\/wp\/v2\/pages\/2\/revisions\/1873"}],"wp:attachment":[{"href":"https:\/\/alt.roland-kohler.com\/en\/wp-json\/wp\/v2\/media?parent=2"}],"curies":[{"name":"wp","href":"https:\/\/api.w.org\/{rel}","templated":true}]}}